{"id":10,"date":"2024-12-09T20:35:56","date_gmt":"2024-12-09T20:35:56","guid":{"rendered":"https:\/\/papillonsdeleaudheure.com\/?page_id=10"},"modified":"2026-02-22T17:18:40","modified_gmt":"2026-02-22T17:18:40","slug":"a-propos","status":"publish","type":"page","link":"https:\/\/papillonsdeleaudheure.com\/nl\/a-propos\/","title":{"rendered":"Over ons"},"content":{"rendered":"<div class=\"wp-block-cover alignfull is-light\" style=\"margin-top:0;margin-bottom:0;min-height:600px;aspect-ratio:unset;\"><img decoding=\"async\" width=\"1024\" height=\"590\" class=\"wp-block-cover__image-background wp-image-54 size-large\" alt=\"\" src=\"https:\/\/papillonsdeleaudheure.com\/wp-content\/uploads\/2025\/05\/DSC_3041-scaled-e1748178319287-1024x590.jpg\" data-object-fit=\"cover\" srcset=\"https:\/\/papillonsdeleaudheure.com\/wp-content\/uploads\/2025\/05\/DSC_3041-scaled-e1748178319287-1024x590.jpg 1024w, https:\/\/papillonsdeleaudheure.com\/wp-content\/uploads\/2025\/05\/DSC_3041-scaled-e1748178319287-300x173.jpg 300w, https:\/\/papillonsdeleaudheure.com\/wp-content\/uploads\/2025\/05\/DSC_3041-scaled-e1748178319287-768x443.jpg 768w, https:\/\/papillonsdeleaudheure.com\/wp-content\/uploads\/2025\/05\/DSC_3041-scaled-e1748178319287-1536x886.jpg 1536w, https:\/\/papillonsdeleaudheure.com\/wp-content\/uploads\/2025\/05\/DSC_3041-scaled-e1748178319287-2048x1181.jpg 2048w\" sizes=\"(max-width: 1024px) 100vw, 1024px\" \/><span aria-hidden=\"true\" class=\"wp-block-cover__background has-background-dim\" style=\"background-color:#af9988\"><\/span><div class=\"wp-block-cover__inner-container has-global-padding is-layout-constrained wp-container-core-cover-is-layout-6e824401 wp-block-cover-is-layout-constrained\">\n<div style=\"height:150px\" aria-hidden=\"true\" class=\"wp-block-spacer\"><\/div>\n\n\n\n<div class=\"wp-block-columns is-layout-flex wp-container-core-columns-is-layout-28f84493 wp-block-columns-is-layout-flex\">\n<div class=\"wp-block-column is-layout-flow wp-block-column-is-layout-flow\" style=\"flex-basis:1000px\">\n<h1 class=\"wp-block-heading has-custom-color-5-color has-text-color\" style=\"font-size:clamp(35.2px, 2.2rem + ((1vw - 3.2px) * 3.273), 64px);font-style:normal;font-weight:600\">Ontdek onze atypische g\u00eete in Walcourt: uw perfecte uitstap!<\/h1>\n<\/div>\n\n\n\n<div class=\"wp-block-column is-layout-flow wp-block-column-is-layout-flow\"><\/div>\n<\/div>\n<\/div><\/div>\n\n\n\n<div class=\"wp-block-group alignfull has-global-padding is-layout-constrained wp-container-core-group-is-layout-4383d167 wp-block-group-is-layout-constrained\">\n<div class=\"wp-block-group alignwide has-global-padding is-layout-constrained wp-container-core-group-is-layout-b732a9b0 wp-block-group-is-layout-constrained\" style=\"margin-top:0;margin-bottom:0;padding-top:120px;padding-bottom:150px\">\n<h2 class=\"wp-block-heading has-custom-color-5-color has-text-color\" style=\"font-size:clamp(26.465px, 1.654rem + ((1vw - 3.2px) * 2.106), 45px);font-style:normal;font-weight:600\">Herinneringen om nooit te vergeten, gegarandeerd\u2026<\/h2>\n\n\n\n<div class=\"wp-block-columns is-layout-flex wp-container-core-columns-is-layout-d121b3d4 wp-block-columns-is-layout-flex\" style=\"padding-top:80px\">\n<div class=\"wp-block-column is-layout-flow wp-container-core-column-is-layout-3ca914a4 wp-block-column-is-layout-flow\">\n<h6 class=\"wp-block-heading has-custom-color-5-color has-text-color\" style=\"font-size:clamp(14px, 0.875rem + ((1vw - 3.2px) * 0.568), 19px);font-style:normal;font-weight:800\">GEGARANDEERD COMFORT<\/h6>\n\n\n\n<p class=\"has-custom-color-5-color has-text-color\" style=\"font-size:clamp(16.293px, 1.018rem + ((1vw - 3.2px) * 0.989), 25px);\">In onze g\u00eete staat comfort centraal. Elke ruimte is zorgvuldig ingericht om u een aangename ervaring te bieden. Een echte cocon: alles is bedacht zodat u zich meteen thuis voelt. Geniet van ontspannende momenten na uw ontdekkingen in Walcourt.<\/p>\n<\/div>\n\n\n\n<div class=\"wp-block-column is-layout-flow wp-container-core-column-is-layout-3ca914a4 wp-block-column-is-layout-flow\">\n<figure class=\"wp-block-image size-full\"><img decoding=\"async\" width=\"2362\" height=\"1170\" src=\"https:\/\/papillonsdeleaudheure.com\/wp-content\/uploads\/2025\/05\/DSC_3084-e1748178516947.jpg\" alt=\"\" class=\"wp-image-56\" srcset=\"https:\/\/papillonsdeleaudheure.com\/wp-content\/uploads\/2025\/05\/DSC_3084-e1748178516947.jpg 2362w, https:\/\/papillonsdeleaudheure.com\/wp-content\/uploads\/2025\/05\/DSC_3084-e1748178516947-300x149.jpg 300w, https:\/\/papillonsdeleaudheure.com\/wp-content\/uploads\/2025\/05\/DSC_3084-e1748178516947-1024x507.jpg 1024w, https:\/\/papillonsdeleaudheure.com\/wp-content\/uploads\/2025\/05\/DSC_3084-e1748178516947-768x380.jpg 768w, https:\/\/papillonsdeleaudheure.com\/wp-content\/uploads\/2025\/05\/DSC_3084-e1748178516947-1536x761.jpg 1536w, https:\/\/papillonsdeleaudheure.com\/wp-content\/uploads\/2025\/05\/DSC_3084-e1748178516947-2048x1014.jpg 2048w\" sizes=\"(max-width: 2362px) 100vw, 2362px\" \/><\/figure>\n<\/div>\n\n\n\n<div class=\"wp-block-column is-layout-flow wp-container-core-column-is-layout-3ca914a4 wp-block-column-is-layout-flow\">\n<h6 class=\"wp-block-heading has-custom-color-5-color has-text-color\" style=\"font-size:clamp(14px, 0.875rem + ((1vw - 3.2px) * 0.568), 19px);font-style:normal;font-weight:800\">IDEALE LIGGING<\/h6>\n\n\n\n<p class=\"has-custom-color-5-color has-text-color\" style=\"font-size:clamp(16.293px, 1.018rem + ((1vw - 3.2px) * 0.989), 25px);\"> In Walcourt, vlak bij de Lacs de l\u2019Eau d\u2019Heure, schuilt een plek die ontdekt wil worden\u2026 Een plek ge\u00efnspireerd door levensgenot, de schoonheid van het erfgoed en het zachte geruis van het water. Een oase van rust aan de voet van de basiliek\u2026 De majestueuze basiliek waakt over deze charmante plek\u2026<br>Un cocon inspir\u00e9 par la douceur de vivre, la beaut\u00e9 du patrimoine, et le murmure de l\u2019eau. Un havre de paix au pied de la basilique&#8230;\ud83c\udf3fLa majestueuse basilique veille sur ce lieu plein de charme&#8230;<\/p>\n<\/div>\n<\/div>\n\n\n\n<div class=\"wp-block-columns is-layout-flex wp-container-core-columns-is-layout-d121b3d4 wp-block-columns-is-layout-flex\" style=\"padding-top:80px\">\n<div class=\"wp-block-column is-layout-flow wp-container-core-column-is-layout-3ca914a4 wp-block-column-is-layout-flow\">\n<figure class=\"wp-block-image size-large is-resized\"><img decoding=\"async\" width=\"768\" height=\"1024\" src=\"https:\/\/papillonsdeleaudheure.com\/wp-content\/uploads\/2025\/02\/IMG_1452-1-768x1024.jpeg\" alt=\"\" class=\"wp-image-37\" style=\"width:374px;height:auto\" srcset=\"https:\/\/papillonsdeleaudheure.com\/wp-content\/uploads\/2025\/02\/IMG_1452-1-768x1024.jpeg 768w, https:\/\/papillonsdeleaudheure.com\/wp-content\/uploads\/2025\/02\/IMG_1452-1-225x300.jpeg 225w, https:\/\/papillonsdeleaudheure.com\/wp-content\/uploads\/2025\/02\/IMG_1452-1-1152x1536.jpeg 1152w, https:\/\/papillonsdeleaudheure.com\/wp-content\/uploads\/2025\/02\/IMG_1452-1.jpeg 1536w\" sizes=\"(max-width: 768px) 100vw, 768px\" \/><\/figure>\n<\/div>\n\n\n\n<div class=\"wp-block-column is-layout-flow wp-container-core-column-is-layout-3ca914a4 wp-block-column-is-layout-flow\">\n<h6 class=\"wp-block-heading has-custom-color-5-color has-text-color\" style=\"font-size:clamp(14px, 0.875rem + ((1vw - 3.2px) * 0.568), 19px);font-style:normal;font-weight:800\">RIJKE CULTUUR<\/h6>\n\n\n\n<p class=\"has-custom-color-5-color has-text-color\" style=\"font-size:clamp(16.293px, 1.018rem + ((1vw - 3.2px) * 0.989), 25px);\">Walcourt is een ware culturele schat! Ontdek haar fascinerende geschiedenis tijdens een wandeling door de geplaveide straatjes en een bezoek aan de Sint\u2011Maternusbasiliek. Neem deel aan lokale evenementen en dompel u onder in de Waalse cultuur. Elke hoek van de stad vertelt u een mooi verhaal!<\/p>\n<\/div>\n\n\n\n<div class=\"wp-block-column is-layout-flow wp-container-core-column-is-layout-3ca914a4 wp-block-column-is-layout-flow\">\n<figure class=\"wp-block-image size-large\"><img decoding=\"async\" width=\"1024\" height=\"692\" src=\"https:\/\/papillonsdeleaudheure.com\/wp-content\/uploads\/2025\/05\/DSC_3036-1-1024x692.jpg\" alt=\"\" class=\"wp-image-65\" srcset=\"https:\/\/papillonsdeleaudheure.com\/wp-content\/uploads\/2025\/05\/DSC_3036-1-1024x692.jpg 1024w, https:\/\/papillonsdeleaudheure.com\/wp-content\/uploads\/2025\/05\/DSC_3036-1-300x203.jpg 300w, https:\/\/papillonsdeleaudheure.com\/wp-content\/uploads\/2025\/05\/DSC_3036-1-768x519.jpg 768w, https:\/\/papillonsdeleaudheure.com\/wp-content\/uploads\/2025\/05\/DSC_3036-1-1536x1038.jpg 1536w, https:\/\/papillonsdeleaudheure.com\/wp-content\/uploads\/2025\/05\/DSC_3036-1-2048x1384.jpg 2048w\" sizes=\"(max-width: 1024px) 100vw, 1024px\" \/><\/figure>\n<\/div>\n<\/div>\n<\/div>\n<\/div>\n\n\n\n<figure class=\"wp-block-image size-large\"><img decoding=\"async\" width=\"1024\" height=\"539\" src=\"https:\/\/papillonsdeleaudheure.com\/wp-content\/uploads\/2025\/06\/DSC_3054-1024x539.jpg\" alt=\"\" class=\"wp-image-134\" srcset=\"https:\/\/papillonsdeleaudheure.com\/wp-content\/uploads\/2025\/06\/DSC_3054-1024x539.jpg 1024w, https:\/\/papillonsdeleaudheure.com\/wp-content\/uploads\/2025\/06\/DSC_3054-300x158.jpg 300w, https:\/\/papillonsdeleaudheure.com\/wp-content\/uploads\/2025\/06\/DSC_3054-768x404.jpg 768w, https:\/\/papillonsdeleaudheure.com\/wp-content\/uploads\/2025\/06\/DSC_3054-1536x808.jpg 1536w, https:\/\/papillonsdeleaudheure.com\/wp-content\/uploads\/2025\/06\/DSC_3054-2048x1078.jpg 2048w\" sizes=\"(max-width: 1024px) 100vw, 1024px\" \/><\/figure>","protected":false},"excerpt":{"rendered":"<p>Des souvenirs pleins la t\u00eate assur\u00e9s&#8230; Confort assur\u00e9 Dans notre g\u00eete, le confort est une priorit\u00e9. Chaque espace est soigneusement am\u00e9nag\u00e9 pour vous offrir une exp\u00e9rience agr\u00e9able. Un lit douillet, tout est pens\u00e9 pour que vous vous sentiez chez vous. Profitez de moments de d\u00e9tente apr\u00e8s vos explorations \u00e0 Walcourt ! Emplacement id\u00e9al Walcourt, tout [&hellip;]<\/p>\n","protected":false},"author":1,"featured_media":0,"parent":0,"menu_order":0,"comment_status":"closed","ping_status":"closed","template":"","meta":{"footnotes":""},"class_list":["post-10","page","type-page","status-publish","hentry"],"yoast_head":"<!-- This site is optimized with the Yoast SEO plugin v27.1.1 - https:\/\/yoast.com\/product\/yoast-seo-wordpress\/ -->\n<title>A propos - Les papillons de l&#039;eau d&#039;heure<\/title>\n<meta name=\"robots\" content=\"index, follow, max-snippet:-1, max-image-preview:large, max-video-preview:-1\" \/>\n<link rel=\"canonical\" href=\"https:\/\/papillonsdeleaudheure.com\/nl\/a-propos\/\" \/>\n<meta property=\"og:locale\" content=\"nl_NL\" \/>\n<meta property=\"og:type\" content=\"article\" \/>\n<meta property=\"og:title\" content=\"A propos - Les papillons de l&#039;eau d&#039;heure\" \/>\n<meta property=\"og:description\" content=\"Des souvenirs pleins la t\u00eate assur\u00e9s&#8230; Confort assur\u00e9 Dans notre g\u00eete, le confort est une priorit\u00e9. Chaque espace est soigneusement am\u00e9nag\u00e9 pour vous offrir une exp\u00e9rience agr\u00e9able. Un lit douillet, tout est pens\u00e9 pour que vous vous sentiez chez vous. Profitez de moments de d\u00e9tente apr\u00e8s vos explorations \u00e0 Walcourt ! Emplacement id\u00e9al Walcourt, tout [&hellip;]\" \/>\n<meta property=\"og:url\" content=\"https:\/\/papillonsdeleaudheure.com\/nl\/a-propos\/\" \/>\n<meta property=\"og:site_name\" content=\"Les papillons de l&#039;eau d&#039;heure\" \/>\n<meta property=\"article:publisher\" content=\"https:\/\/www.facebook.com\/p\/Les-Papillons-de-lEau-dHeure-61576834667677\/\" \/>\n<meta property=\"article:modified_time\" content=\"2026-02-22T17:18:40+00:00\" \/>\n<meta property=\"og:image\" content=\"https:\/\/papillonsdeleaudheure.com\/wp-content\/uploads\/2025\/05\/DSC_3041-scaled-e1748178319287.jpg\" \/>\n\t<meta property=\"og:image:width\" content=\"2560\" \/>\n\t<meta property=\"og:image:height\" content=\"1476\" \/>\n\t<meta property=\"og:image:type\" content=\"image\/jpeg\" \/>\n<meta name=\"twitter:card\" content=\"summary_large_image\" \/>\n<meta name=\"twitter:label1\" content=\"Verwachte leestijd\" \/>\n\t<meta name=\"twitter:data1\" content=\"1 minuut\" \/>\n<script type=\"application\/ld+json\" class=\"yoast-schema-graph\">{\"@context\":\"https:\/\/schema.org\",\"@graph\":[{\"@type\":\"WebPage\",\"@id\":\"https:\/\/papillonsdeleaudheure.com\/a-propos\/\",\"url\":\"https:\/\/papillonsdeleaudheure.com\/a-propos\/\",\"name\":\"A propos - Les papillons de l&#039;eau d&#039;heure\",\"isPartOf\":{\"@id\":\"https:\/\/papillonsdeleaudheure.com\/#website\"},\"primaryImageOfPage\":{\"@id\":\"https:\/\/papillonsdeleaudheure.com\/a-propos\/#primaryimage\"},\"image\":{\"@id\":\"https:\/\/papillonsdeleaudheure.com\/a-propos\/#primaryimage\"},\"thumbnailUrl\":\"https:\/\/papillonsdeleaudheure.com\/wp-content\/uploads\/2025\/05\/DSC_3041-scaled-e1748178319287-1024x590.jpg\",\"datePublished\":\"2024-12-09T20:35:56+00:00\",\"dateModified\":\"2026-02-22T17:18:40+00:00\",\"breadcrumb\":{\"@id\":\"https:\/\/papillonsdeleaudheure.com\/a-propos\/#breadcrumb\"},\"inLanguage\":\"nl-NL\",\"potentialAction\":[{\"@type\":\"ReadAction\",\"target\":[\"https:\/\/papillonsdeleaudheure.com\/a-propos\/\"]}]},{\"@type\":\"ImageObject\",\"inLanguage\":\"nl-NL\",\"@id\":\"https:\/\/papillonsdeleaudheure.com\/a-propos\/#primaryimage\",\"url\":\"https:\/\/papillonsdeleaudheure.com\/wp-content\/uploads\/2025\/05\/DSC_3041-scaled-e1748178319287-1024x590.jpg\",\"contentUrl\":\"https:\/\/papillonsdeleaudheure.com\/wp-content\/uploads\/2025\/05\/DSC_3041-scaled-e1748178319287-1024x590.jpg\"},{\"@type\":\"BreadcrumbList\",\"@id\":\"https:\/\/papillonsdeleaudheure.com\/a-propos\/#breadcrumb\",\"itemListElement\":[{\"@type\":\"ListItem\",\"position\":1,\"name\":\"Accueil\",\"item\":\"https:\/\/papillonsdeleaudheure.com\/\"},{\"@type\":\"ListItem\",\"position\":2,\"name\":\"A propos\"}]},{\"@type\":\"WebSite\",\"@id\":\"https:\/\/papillonsdeleaudheure.com\/#website\",\"url\":\"https:\/\/papillonsdeleaudheure.com\/\",\"name\":\"Les papillons de l'eau d'heure\",\"description\":\"\",\"publisher\":{\"@id\":\"https:\/\/papillonsdeleaudheure.com\/#organization\"},\"potentialAction\":[{\"@type\":\"SearchAction\",\"target\":{\"@type\":\"EntryPoint\",\"urlTemplate\":\"https:\/\/papillonsdeleaudheure.com\/?s={search_term_string}\"},\"query-input\":{\"@type\":\"PropertyValueSpecification\",\"valueRequired\":true,\"valueName\":\"search_term_string\"}}],\"inLanguage\":\"nl-NL\"},{\"@type\":\"Organization\",\"@id\":\"https:\/\/papillonsdeleaudheure.com\/#organization\",\"name\":\"Les papillons de l'eau d'heure\",\"url\":\"https:\/\/papillonsdeleaudheure.com\/\",\"logo\":{\"@type\":\"ImageObject\",\"inLanguage\":\"nl-NL\",\"@id\":\"https:\/\/papillonsdeleaudheure.com\/#\/schema\/logo\/image\/\",\"url\":\"https:\/\/papillonsdeleaudheure.com\/wp-content\/uploads\/2025\/02\/IMG_1459-removebg.png\",\"contentUrl\":\"https:\/\/papillonsdeleaudheure.com\/wp-content\/uploads\/2025\/02\/IMG_1459-removebg.png\",\"width\":1024,\"height\":1024,\"caption\":\"Les papillons de l'eau d'heure\"},\"image\":{\"@id\":\"https:\/\/papillonsdeleaudheure.com\/#\/schema\/logo\/image\/\"},\"sameAs\":[\"https:\/\/www.facebook.com\/p\/Les-Papillons-de-lEau-dHeure-61576834667677\/\",\"https:\/\/www.instagram.com\/papillonsdeleaudheure\/\"]}]}<\/script>\n<!-- \/ Yoast SEO plugin. -->","yoast_head_json":{"title":"A propos - Les papillons de l&#039;eau d&#039;heure","robots":{"index":"index","follow":"follow","max-snippet":"max-snippet:-1","max-image-preview":"max-image-preview:large","max-video-preview":"max-video-preview:-1"},"canonical":"https:\/\/papillonsdeleaudheure.com\/nl\/a-propos\/","og_locale":"nl_NL","og_type":"article","og_title":"A propos - Les papillons de l&#039;eau d&#039;heure","og_description":"Des souvenirs pleins la t\u00eate assur\u00e9s&#8230; Confort assur\u00e9 Dans notre g\u00eete, le confort est une priorit\u00e9. Chaque espace est soigneusement am\u00e9nag\u00e9 pour vous offrir une exp\u00e9rience agr\u00e9able. Un lit douillet, tout est pens\u00e9 pour que vous vous sentiez chez vous. Profitez de moments de d\u00e9tente apr\u00e8s vos explorations \u00e0 Walcourt ! Emplacement id\u00e9al Walcourt, tout [&hellip;]","og_url":"https:\/\/papillonsdeleaudheure.com\/nl\/a-propos\/","og_site_name":"Les papillons de l&#039;eau d&#039;heure","article_publisher":"https:\/\/www.facebook.com\/p\/Les-Papillons-de-lEau-dHeure-61576834667677\/","article_modified_time":"2026-02-22T17:18:40+00:00","og_image":[{"width":2560,"height":1476,"url":"https:\/\/papillonsdeleaudheure.com\/wp-content\/uploads\/2025\/05\/DSC_3041-scaled-e1748178319287.jpg","type":"image\/jpeg"}],"twitter_card":"summary_large_image","twitter_misc":{"Verwachte leestijd":"1 minuut"},"schema":{"@context":"https:\/\/schema.org","@graph":[{"@type":"WebPage","@id":"https:\/\/papillonsdeleaudheure.com\/a-propos\/","url":"https:\/\/papillonsdeleaudheure.com\/a-propos\/","name":"A propos - Les papillons de l&#039;eau d&#039;heure","isPartOf":{"@id":"https:\/\/papillonsdeleaudheure.com\/#website"},"primaryImageOfPage":{"@id":"https:\/\/papillonsdeleaudheure.com\/a-propos\/#primaryimage"},"image":{"@id":"https:\/\/papillonsdeleaudheure.com\/a-propos\/#primaryimage"},"thumbnailUrl":"https:\/\/papillonsdeleaudheure.com\/wp-content\/uploads\/2025\/05\/DSC_3041-scaled-e1748178319287-1024x590.jpg","datePublished":"2024-12-09T20:35:56+00:00","dateModified":"2026-02-22T17:18:40+00:00","breadcrumb":{"@id":"https:\/\/papillonsdeleaudheure.com\/a-propos\/#breadcrumb"},"inLanguage":"nl-NL","potentialAction":[{"@type":"ReadAction","target":["https:\/\/papillonsdeleaudheure.com\/a-propos\/"]}]},{"@type":"ImageObject","inLanguage":"nl-NL","@id":"https:\/\/papillonsdeleaudheure.com\/a-propos\/#primaryimage","url":"https:\/\/papillonsdeleaudheure.com\/wp-content\/uploads\/2025\/05\/DSC_3041-scaled-e1748178319287-1024x590.jpg","contentUrl":"https:\/\/papillonsdeleaudheure.com\/wp-content\/uploads\/2025\/05\/DSC_3041-scaled-e1748178319287-1024x590.jpg"},{"@type":"BreadcrumbList","@id":"https:\/\/papillonsdeleaudheure.com\/a-propos\/#breadcrumb","itemListElement":[{"@type":"ListItem","position":1,"name":"Accueil","item":"https:\/\/papillonsdeleaudheure.com\/"},{"@type":"ListItem","position":2,"name":"A propos"}]},{"@type":"WebSite","@id":"https:\/\/papillonsdeleaudheure.com\/#website","url":"https:\/\/papillonsdeleaudheure.com\/","name":"Les papillons de l'eau d'heure","description":"","publisher":{"@id":"https:\/\/papillonsdeleaudheure.com\/#organization"},"potentialAction":[{"@type":"SearchAction","target":{"@type":"EntryPoint","urlTemplate":"https:\/\/papillonsdeleaudheure.com\/?s={search_term_string}"},"query-input":{"@type":"PropertyValueSpecification","valueRequired":true,"valueName":"search_term_string"}}],"inLanguage":"nl-NL"},{"@type":"Organization","@id":"https:\/\/papillonsdeleaudheure.com\/#organization","name":"Les papillons de l'eau d'heure","url":"https:\/\/papillonsdeleaudheure.com\/","logo":{"@type":"ImageObject","inLanguage":"nl-NL","@id":"https:\/\/papillonsdeleaudheure.com\/#\/schema\/logo\/image\/","url":"https:\/\/papillonsdeleaudheure.com\/wp-content\/uploads\/2025\/02\/IMG_1459-removebg.png","contentUrl":"https:\/\/papillonsdeleaudheure.com\/wp-content\/uploads\/2025\/02\/IMG_1459-removebg.png","width":1024,"height":1024,"caption":"Les papillons de l'eau d'heure"},"image":{"@id":"https:\/\/papillonsdeleaudheure.com\/#\/schema\/logo\/image\/"},"sameAs":["https:\/\/www.facebook.com\/p\/Les-Papillons-de-lEau-dHeure-61576834667677\/","https:\/\/www.instagram.com\/papillonsdeleaudheure\/"]}]}},"_links":{"self":[{"href":"https:\/\/papillonsdeleaudheure.com\/nl\/wp-json\/wp\/v2\/pages\/10","targetHints":{"allow":["GET"]}}],"collection":[{"href":"https:\/\/papillonsdeleaudheure.com\/nl\/wp-json\/wp\/v2\/pages"}],"about":[{"href":"https:\/\/papillonsdeleaudheure.com\/nl\/wp-json\/wp\/v2\/types\/page"}],"author":[{"embeddable":true,"href":"https:\/\/papillonsdeleaudheure.com\/nl\/wp-json\/wp\/v2\/users\/1"}],"replies":[{"embeddable":true,"href":"https:\/\/papillonsdeleaudheure.com\/nl\/wp-json\/wp\/v2\/comments?post=10"}],"version-history":[{"count":20,"href":"https:\/\/papillonsdeleaudheure.com\/nl\/wp-json\/wp\/v2\/pages\/10\/revisions"}],"predecessor-version":[{"id":353,"href":"https:\/\/papillonsdeleaudheure.com\/nl\/wp-json\/wp\/v2\/pages\/10\/revisions\/353"}],"wp:attachment":[{"href":"https:\/\/papillonsdeleaudheure.com\/nl\/wp-json\/wp\/v2\/media?parent=10"}],"curies":[{"name":"wp","href":"https:\/\/api.w.org\/{rel}","templated":true}]}}